{"id":353,"date":"2025-02-17T13:27:56","date_gmt":"2025-02-17T12:27:56","guid":{"rendered":"https:\/\/ptfolio-training.it-corp-lab.net\/?page_id=353"},"modified":"2025-02-18T10:48:14","modified_gmt":"2025-02-18T09:48:14","slug":"parcours","status":"publish","type":"page","link":"https:\/\/ptfolio-training.it-corp-lab.net\/?page_id=353","title":{"rendered":"Parcours"},"content":{"rendered":"\t\t<div data-elementor-type=\"wp-page\" data-elementor-id=\"353\" class=\"elementor elementor-353\">\n\t\t\t\t<div class=\"elementor-element elementor-element-fccb17a e-con-full e-flex e-con e-parent\" data-id=\"fccb17a\" data-element_type=\"container\" data-e-type=\"container\" data-settings=\"{&quot;background_background&quot;:&quot;classic&quot;}\">\n\t\t<div class=\"elementor-element elementor-element-027f698 e-con-full e-flex e-con e-child\" data-id=\"027f698\" data-element_type=\"container\" data-e-type=\"container\">\n\t\t\t\t<div class=\"elementor-element elementor-element-89f650e elementor-widget-divider--view-line_text elementor-widget elementor-widget-divider\" data-id=\"89f650e\" data-element_type=\"widget\" data-e-type=\"widget\" data-widget_type=\"divider.default\">\n\t\t\t\t<div class=\"elementor-widget-container\">\n\t\t\t\t\t\t\t<div class=\"elementor-divider\">\n\t\t\t<span class=\"elementor-divider-separator\">\n\t\t\t\t\t\t\t<h2 class=\"elementor-divider__text elementor-divider__element\">\n\t\t\t\tMon parcours\t\t\t\t<\/h2>\n\t\t\t\t\t\t<\/span>\n\t\t<\/div>\n\t\t\t\t\t\t<\/div>\n\t\t\t\t<\/div>\n\t\t\t\t<\/div>\n\t\t<div class=\"elementor-element elementor-element-21f5b21 e-con-full e-flex e-con e-child\" data-id=\"21f5b21\" data-element_type=\"container\" data-e-type=\"container\">\n\t\t\t\t<div class=\"elementor-element elementor-element-246ea00 elementor-widget elementor-widget-timeline-widget-addon\" data-id=\"246ea00\" data-element_type=\"widget\" data-e-type=\"widget\" data-widget_type=\"timeline-widget-addon.default\">\n\t\t\t\t<div class=\"elementor-widget-container\">\n\t\t\t\t\t<!-- ========= Timeline Widget Addon For Elementor 1.6.6 ========= -->\n<div id=\"twae-wrapper-246ea00\" class=\"twae-vertical twae-wrapper  twae-both-sided\">   \n    <div class=\"twae-start\"><\/div>    \n    <div id=\"twea-timeline-246ea00\" class=\"twae-timeline\" ><!-- Start of Story Repeater Content --><div id=\"story-c16ffd0\" class=\"twae-story twae-repeater-item twae-story-right twae-story-no-icon\"><!-- Story Label --><div class=\"twae-labels\"><div class=\"twae-label-big\">04 Septembre 2021<\/div><\/div><!-- Story Icon --><div class=\"twae-icon\"><i aria-hidden=\"true\" class=\"far fa-clock\"><\/i><\/div><!-- Story Arrow --><div class=\"twae-arrow\"><\/div><!-- Start of Story Content --><div class=\"twae-content\"><!-- Story Title --><div class=\"twae-title\">Baccalaur\u00e9at s\u00e9rie Scientifique (BAC s\u00e9rie D)<\/div><!-- Story Image --><div class=\"twae-media large\"><img fetchpriority=\"high\" decoding=\"async\" width=\"363\" height=\"353\" src=\"https:\/\/ptfolio-training.it-corp-lab.net\/wp-content\/uploads\/2025\/02\/images_ONECS.png\" class=\"attachment-large size-large\" alt=\"\" srcset=\"https:\/\/ptfolio-training.it-corp-lab.net\/wp-content\/uploads\/2025\/02\/images_ONECS.png 363w, https:\/\/ptfolio-training.it-corp-lab.net\/wp-content\/uploads\/2025\/02\/images_ONECS-300x292.png 300w\" sizes=\"(min-width: 960px) 75vw, 100vw\" \/><\/div><!-- Story Description --><div class=\"twae-description\"><p>Lyc\u00e9e Coll\u00e8ge \u00c9vang\u00e9lique Ngaba Gueldo de Bongor, Tchad. Cette \u00e9tape marque la fin de mon parcours secondaire avec une solide base scientifique.<\/p><\/div><\/div><\/div><!-- Start of Story Repeater Content --><div id=\"story-3309ca4\" class=\"twae-story twae-repeater-item twae-story-left twae-story-no-icon\"><!-- Story Label --><div class=\"twae-labels\"><div class=\"twae-label-big\">De janvier 2023 \u00e0 septembre 2023<\/div><\/div><!-- Story Icon --><div class=\"twae-icon\"><i aria-hidden=\"true\" class=\"far fa-clock\"><\/i><\/div><!-- Story Arrow --><div class=\"twae-arrow\"><\/div><!-- Start of Story Content --><div class=\"twae-content\"><!-- Story Title --><div class=\"twae-title\">Concours d'entr\u00e9e \u00e0 l'Institut Africain d\u2019Informatique<\/div><!-- Story Image --><div class=\"twae-media large\"><img decoding=\"async\" width=\"224\" height=\"224\" src=\"https:\/\/ptfolio-training.it-corp-lab.net\/wp-content\/uploads\/2025\/02\/images.jpg\" class=\"attachment-large size-large\" alt=\"\" srcset=\"https:\/\/ptfolio-training.it-corp-lab.net\/wp-content\/uploads\/2025\/02\/images.jpg 224w, https:\/\/ptfolio-training.it-corp-lab.net\/wp-content\/uploads\/2025\/02\/images-150x150.jpg 150w\" sizes=\"(min-width: 960px) 75vw, 100vw\" \/><\/div><!-- Story Description --><div class=\"twae-description\"><p>Admission \u00e0 l'Institut Africain d\u2019Informatique, une institution renomm\u00e9e pour la formation en informatique et technologies num\u00e9riques en Afrique.<\/p><\/div><\/div><\/div><!-- Start of Story Repeater Content --><div id=\"story-f07b4c0\" class=\"twae-story twae-repeater-item twae-story-right twae-story-no-icon\"><!-- Story Label --><div class=\"twae-labels\"><div class=\"twae-label-big\">Janvier 2023 - Septembre 2023<\/div><\/div><!-- Story Icon --><div class=\"twae-icon\"><i aria-hidden=\"true\" class=\"far fa-clock\"><\/i><\/div><!-- Story Arrow --><div class=\"twae-arrow\"><\/div><!-- Start of Story Content --><div class=\"twae-content\"><!-- Story Title --><div class=\"twae-title\">1\u00e8re Ann\u00e9e Analyste Programmeur<\/div><!-- Story Image --><div class=\"twae-media large\"><img decoding=\"async\" width=\"224\" height=\"224\" src=\"https:\/\/ptfolio-training.it-corp-lab.net\/wp-content\/uploads\/2025\/02\/images.jpg\" class=\"attachment-large size-large\" alt=\"\" srcset=\"https:\/\/ptfolio-training.it-corp-lab.net\/wp-content\/uploads\/2025\/02\/images.jpg 224w, https:\/\/ptfolio-training.it-corp-lab.net\/wp-content\/uploads\/2025\/02\/images-150x150.jpg 150w\" sizes=\"(min-width: 960px) 75vw, 100vw\" \/><\/div><!-- Story Description --><div class=\"twae-description\"><p>Initiation aux fondamentaux de la programmation, des bases de donn\u00e9es et des syst\u00e8mes informatiques, jetant les bases de mon parcours d'analyste programmeur.<\/p><\/div><\/div><\/div><!-- Start of Story Repeater Content --><div id=\"story-f289eb9\" class=\"twae-story twae-repeater-item twae-story-left twae-story-no-icon\"><!-- Story Label --><div class=\"twae-labels\"><div class=\"twae-label-big\">Janvier 2024 - Juillet 2024<\/div><\/div><!-- Story Icon --><div class=\"twae-icon\"><i aria-hidden=\"true\" class=\"far fa-clock\"><\/i><\/div><!-- Story Arrow --><div class=\"twae-arrow\"><\/div><!-- Start of Story Content --><div class=\"twae-content\"><!-- Story Title --><div class=\"twae-title\">Deuxi\u00e8me ann\u00e9e du cycle Analyste Programmeur<\/div><!-- Story Image --><div class=\"twae-media large\"><img decoding=\"async\" width=\"224\" height=\"224\" src=\"https:\/\/ptfolio-training.it-corp-lab.net\/wp-content\/uploads\/2025\/02\/images.jpg\" class=\"attachment-large size-large\" alt=\"\" srcset=\"https:\/\/ptfolio-training.it-corp-lab.net\/wp-content\/uploads\/2025\/02\/images.jpg 224w, https:\/\/ptfolio-training.it-corp-lab.net\/wp-content\/uploads\/2025\/02\/images-150x150.jpg 150w\" sizes=\"(min-width: 960px) 75vw, 100vw\" \/><\/div><!-- Story Description --><div class=\"twae-description\"><p>Approfondissement des comp\u00e9tences en d\u00e9veloppement web, gestion de bases de donn\u00e9es et r\u00e9seaux, avec des projets pratiques et des travaux en \u00e9quipe.<\/p><\/div><\/div><\/div><!-- Start of Story Repeater Content --><div id=\"story-1173613\" class=\"twae-story twae-repeater-item twae-story-right twae-story-no-icon\"><!-- Story Label --><div class=\"twae-labels\"><div class=\"twae-label-big\">1er Juillet 2024 - 20 Novembre 2024<\/div><\/div><!-- Story Icon --><div class=\"twae-icon\"><i aria-hidden=\"true\" class=\"far fa-clock\"><\/i><\/div><!-- Story Arrow --><div class=\"twae-arrow\"><\/div><!-- Start of Story Content --><div class=\"twae-content\"><!-- Story Title --><div class=\"twae-title\"><strong data-start=\"1022\" data-end=\"1073\">Stage Acad\u00e9mique chez IT CORP \u2013 D\u00e9veloppeur Web<\/strong><br data-start=\"1073\" data-end=\"1076\"><\/div><!-- Story Image --><div class=\"twae-media large\"><img decoding=\"async\" width=\"640\" height=\"601\" src=\"https:\/\/ptfolio-training.it-corp-lab.net\/wp-content\/uploads\/2025\/02\/logo.png\" class=\"attachment-large size-large\" alt=\"\" srcset=\"https:\/\/ptfolio-training.it-corp-lab.net\/wp-content\/uploads\/2025\/02\/logo.png 770w, https:\/\/ptfolio-training.it-corp-lab.net\/wp-content\/uploads\/2025\/02\/logo-300x282.png 300w, https:\/\/ptfolio-training.it-corp-lab.net\/wp-content\/uploads\/2025\/02\/logo-768x721.png 768w\" sizes=\"(min-width: 960px) 75vw, 100vw\" \/><\/div><!-- Story Description --><div class=\"twae-description\"><p>Sp\u00e9cialisation en d\u00e9veloppement d\u2019applications web et gestion de projets informatiques, avec la r\u00e9alisation d'une application web de gestion des interventions informatiques.<\/p><\/div><\/div><\/div><!-- Start of Story Repeater Content --><div id=\"story-d4e5060\" class=\"twae-story twae-repeater-item twae-story-left twae-story-no-icon\"><!-- Story Label --><div class=\"twae-labels\"><div class=\"twae-label-big\">09 D\u00e9cembre - aujourd'hui<\/div><\/div><!-- Story Icon --><div class=\"twae-icon\"><i aria-hidden=\"true\" class=\"far fa-clock\"><\/i><\/div><!-- Story Arrow --><div class=\"twae-arrow\"><\/div><!-- Start of Story Content --><div class=\"twae-content\"><!-- Story Title --><div class=\"twae-title\">Stage Professionnel chez IT CORP \u2013 D\u00e9veloppeur Web<\/div><!-- Story Image --><div class=\"twae-media large\"><img decoding=\"async\" width=\"640\" height=\"601\" src=\"https:\/\/ptfolio-training.it-corp-lab.net\/wp-content\/uploads\/2025\/02\/logo.png\" class=\"attachment-large size-large\" alt=\"\" srcset=\"https:\/\/ptfolio-training.it-corp-lab.net\/wp-content\/uploads\/2025\/02\/logo.png 770w, https:\/\/ptfolio-training.it-corp-lab.net\/wp-content\/uploads\/2025\/02\/logo-300x282.png 300w, https:\/\/ptfolio-training.it-corp-lab.net\/wp-content\/uploads\/2025\/02\/logo-768x721.png 768w\" sizes=\"(min-width: 960px) 75vw, 100vw\" \/><\/div><!-- Story Description --><div class=\"twae-description\"><p>Renforcement de mes comp\u00e9tences techniques et relationnelles \u00e0 travers la gestion de projets concrets et l\u2019utilisation d\u2019outils professionnels.<\/p><\/div><\/div><\/div><!-- Start of Story Repeater Content --><div id=\"story-1307691\" class=\"twae-story twae-repeater-item twae-story-right twae-story-no-icon\"><!-- Story Label --><div class=\"twae-labels\"><div class=\"twae-label-big\">17 F\u00e9vrier 2025 - aujourd'hui<\/div><\/div><!-- Story Icon --><div class=\"twae-icon\"><i aria-hidden=\"true\" class=\"far fa-clock\"><\/i><\/div><!-- Story Arrow --><div class=\"twae-arrow\"><\/div><!-- Start of Story Content --><div class=\"twae-content\"><!-- Story Title --><div class=\"twae-title\">Troisi\u00e8me ann\u00e9e du cycle Analyste Programmeur (en cours)<\/div><!-- Story Image --><div class=\"twae-media large\"><img decoding=\"async\" width=\"224\" height=\"224\" src=\"https:\/\/ptfolio-training.it-corp-lab.net\/wp-content\/uploads\/2025\/02\/images.jpg\" class=\"attachment-large size-large\" alt=\"\" srcset=\"https:\/\/ptfolio-training.it-corp-lab.net\/wp-content\/uploads\/2025\/02\/images.jpg 224w, https:\/\/ptfolio-training.it-corp-lab.net\/wp-content\/uploads\/2025\/02\/images-150x150.jpg 150w\" sizes=\"(min-width: 960px) 75vw, 100vw\" \/><\/div><!-- Story Description --><div class=\"twae-description\"><p>En cours...<\/p><\/div><\/div><\/div><\/div>\n    <div class=\"twae-end\"><\/div>\n    <\/div><style type=\"text\/css\">@media (max-width: 1024px){ .twae-wrapper{--tw-ybx-size: 80px !important;}}@media (max-width: 767px){ .twae-wrapper{--tw-ybx-size: 80px !important}}<\/style>\t\t\t\t<\/div>\n\t\t\t\t<\/div>\n\t\t\t\t<\/div>\n\t\t\t\t<\/div>\n\t\t\t\t<\/div>\n\t\t","protected":false},"excerpt":{"rendered":"<p>Mon parcours 04 Septembre 2021Baccalaur\u00e9at s\u00e9rie Scientifique (BAC s\u00e9rie D) Lyc\u00e9e Coll\u00e8ge \u00c9vang\u00e9lique Ngaba Gueldo de Bongor, Tchad. Cette \u00e9tape marque la fin de mon parcours secondaire avec une solide base scientifique. De janvier 2023 \u00e0 septembre 2023Concours d&rsquo;entr\u00e9e \u00e0 l&rsquo;Institut Africain d\u2019Informatique Admission \u00e0 l&rsquo;Institut Africain d\u2019Informatique, une institution renomm\u00e9e pour la formation en [&hellip;]<\/p>\n","protected":false},"author":1,"featured_media":0,"parent":0,"menu_order":0,"comment_status":"closed","ping_status":"closed","template":"","meta":{"footnotes":""},"class_list":["post-353","page","type-page","status-publish","hentry"],"_links":{"self":[{"href":"https:\/\/ptfolio-training.it-corp-lab.net\/index.php?rest_route=\/wp\/v2\/pages\/353","targetHints":{"allow":["GET"]}}],"collection":[{"href":"https:\/\/ptfolio-training.it-corp-lab.net\/index.php?rest_route=\/wp\/v2\/pages"}],"about":[{"href":"https:\/\/ptfolio-training.it-corp-lab.net\/index.php?rest_route=\/wp\/v2\/types\/page"}],"author":[{"embeddable":true,"href":"https:\/\/ptfolio-training.it-corp-lab.net\/index.php?rest_route=\/wp\/v2\/users\/1"}],"replies":[{"embeddable":true,"href":"https:\/\/ptfolio-training.it-corp-lab.net\/index.php?rest_route=%2Fwp%2Fv2%2Fcomments&post=353"}],"version-history":[{"count":40,"href":"https:\/\/ptfolio-training.it-corp-lab.net\/index.php?rest_route=\/wp\/v2\/pages\/353\/revisions"}],"predecessor-version":[{"id":403,"href":"https:\/\/ptfolio-training.it-corp-lab.net\/index.php?rest_route=\/wp\/v2\/pages\/353\/revisions\/403"}],"wp:attachment":[{"href":"https:\/\/ptfolio-training.it-corp-lab.net\/index.php?rest_route=%2Fwp%2Fv2%2Fmedia&parent=353"}],"curies":[{"name":"wp","href":"https:\/\/api.w.org\/{rel}","templated":true}]}}